{"id":2300,"date":"2023-07-25T10:44:29","date_gmt":"2023-07-25T13:44:29","guid":{"rendered":"https:\/\/danielsoaresdesign.com.br\/starvet\/?page_id=2300"},"modified":"2023-08-14T17:39:18","modified_gmt":"2023-08-14T20:39:18","slug":"quem-somos","status":"publish","type":"page","link":"https:\/\/danielsoaresdesign.com.br\/starvet\/quem-somos\/","title":{"rendered":"Quem Somos"},"content":{"rendered":"\t\t<div data-elementor-type=\"wp-page\" data-elementor-id=\"2300\" class=\"elementor elementor-2300\">\n\t\t\t\t\t\t\t\t\t<section class=\"elementor-section elementor-top-section elementor-element elementor-element-556eae8 elementor-section-boxed elementor-section-height-default elementor-section-height-default\" data-id=\"556eae8\" data-element_type=\"section\" data-settings=\"{&quot;jet_parallax_layout_list&quot;:[],&quot;background_background&quot;:&quot;classic&quot;}\">\n\t\t\t\t\t\t\t<div class=\"elementor-background-overlay\"><\/div>\n\t\t\t\t\t\t\t<div class=\"elementor-container elementor-column-gap-no\">\n\t\t\t\t\t<div class=\"elementor-column elementor-col-100 elementor-top-column elementor-element elementor-element-f5a653b\" data-id=\"f5a653b\" data-element_type=\"column\">\n\t\t\t<div class=\"elementor-widget-wrap elementor-element-populated\">\n\t\t\t\t\t\t\t\t\t<\/div>\n\t\t<\/div>\n\t\t\t\t\t\t\t<\/div>\n\t\t<\/section>\n\t\t\t\t<section class=\"elementor-section elementor-top-section elementor-element elementor-element-68e845f elementor-section-full_width elementor-reverse-mobile elementor-section-height-default elementor-section-height-default\" data-id=\"68e845f\" data-element_type=\"section\" data-settings=\"{&quot;jet_parallax_layout_list&quot;:[]}\">\n\t\t\t\t\t\t<div class=\"elementor-container elementor-column-gap-no\">\n\t\t\t\t\t<div class=\"elementor-column elementor-col-50 elementor-top-column elementor-element elementor-element-6a72fd0\" data-id=\"6a72fd0\" data-element_type=\"column\">\n\t\t\t<div class=\"elementor-widget-wrap elementor-element-populated\">\n\t\t\t\t\t\t\t\t<div class=\"elementor-element elementor-element-cbc3519 elementor-widget elementor-widget-image\" data-id=\"cbc3519\" data-element_type=\"widget\" data-widget_type=\"image.default\">\n\t\t\t\t<div class=\"elementor-widget-container\">\n\t\t\t\t\t\t\t\t\t\t\t\t\t\t\t\t<a href=\"http:\/\/danielsoaresdesign.com.br\/starvet\/wp-content\/uploads\/2023\/08\/ec604f_b8728014c8864dbc8e93312744f46bc0mv2.webp\" data-elementor-open-lightbox=\"yes\" data-elementor-lightbox-title=\"ec604f_b8728014c8864dbc8e93312744f46bc0~mv2\" data-e-action-hash=\"#elementor-action%3Aaction%3Dlightbox%26settings%3DeyJpZCI6Mjc1NiwidXJsIjoiaHR0cHM6XC9cL2RhbmllbHNvYXJlc2Rlc2lnbi5jb20uYnJcL3N0YXJ2ZXRcL3dwLWNvbnRlbnRcL3VwbG9hZHNcLzIwMjNcLzA4XC9lYzYwNGZfYjg3MjgwMTRjODg2NGRiYzhlOTMzMTI3NDRmNDZiYzBtdjIud2VicCJ9\">\n\t\t\t\t\t\t\t<img loading=\"lazy\" decoding=\"async\" width=\"675\" height=\"669\" src=\"https:\/\/danielsoaresdesign.com.br\/starvet\/wp-content\/uploads\/2023\/08\/ec604f_b8728014c8864dbc8e93312744f46bc0mv2.webp\" class=\"attachment-medium_large size-medium_large wp-image-2756\" alt=\"\" srcset=\"https:\/\/danielsoaresdesign.com.br\/starvet\/wp-content\/uploads\/2023\/08\/ec604f_b8728014c8864dbc8e93312744f46bc0mv2.webp 675w, https:\/\/danielsoaresdesign.com.br\/starvet\/wp-content\/uploads\/2023\/08\/ec604f_b8728014c8864dbc8e93312744f46bc0mv2-300x297.webp 300w, https:\/\/danielsoaresdesign.com.br\/starvet\/wp-content\/uploads\/2023\/08\/ec604f_b8728014c8864dbc8e93312744f46bc0mv2-150x150.webp 150w\" sizes=\"auto, (max-width: 675px) 100vw, 675px\" \/>\t\t\t\t\t\t\t\t<\/a>\n\t\t\t\t\t\t\t\t\t\t\t\t\t\t\t<\/div>\n\t\t\t\t<\/div>\n\t\t\t\t\t<\/div>\n\t\t<\/div>\n\t\t\t\t<div class=\"elementor-column elementor-col-50 elementor-top-column elementor-element elementor-element-09668d5\" data-id=\"09668d5\" data-element_type=\"column\">\n\t\t\t<div class=\"elementor-widget-wrap elementor-element-populated\">\n\t\t\t\t\t\t\t\t<section class=\"elementor-section elementor-inner-section elementor-element elementor-element-270411c elementor-section-full_width elementor-section-height-default elementor-section-height-default\" data-id=\"270411c\" data-element_type=\"section\" data-settings=\"{&quot;jet_parallax_layout_list&quot;:[]}\">\n\t\t\t\t\t\t<div class=\"elementor-container elementor-column-gap-no\">\n\t\t\t\t\t<div class=\"elementor-column elementor-col-100 elementor-inner-column elementor-element elementor-element-16223c7\" data-id=\"16223c7\" data-element_type=\"column\">\n\t\t\t<div class=\"elementor-widget-wrap elementor-element-populated\">\n\t\t\t\t\t\t\t\t<div class=\"elementor-element elementor-element-0f9b627 elementor-widget elementor-widget-text-editor\" data-id=\"0f9b627\" data-element_type=\"widget\" data-widget_type=\"text-editor.default\">\n\t\t\t\t<div class=\"elementor-widget-container\">\n\t\t\t\t\t\t\t<p>O <strong>Hospital Veterin\u00e1rio STAR VET<\/strong>, inaugurado em janeiro de 2020, \u00e9 o mais moderno e equipado de Bras\u00edlia. Com um conceito inovador, lan\u00e7a uma op\u00e7\u00e3o diferenciada e exclusiva em servi\u00e7o hospitalar veterin\u00e1rio onde qualidade e carinho se unem para oferecer o melhor atendimento de todo Distrito Federal.<\/p><p>Somos uma grande fam\u00edlia <strong>STAR<\/strong>, formada por m\u00e9dicos veterin\u00e1rios e colaboradores extremamente dedicados a oferecer a melhor experi\u00eancia no cuidado dos pets. Contamos com uma completa equipe interna de m\u00e9dicos veterin\u00e1rios especializados nas mais diversas \u00e1reas e dedicados integralmente, 24h por dia, para melhor atender as necessidades dos nossos pacientes.<\/p><p><strong>Aqui, o amor por animais \u00e9 o requisito fundamental para fazer parte da nossa equipe.<\/strong><\/p>\t\t\t\t\t\t<\/div>\n\t\t\t\t<\/div>\n\t\t\t\t<div class=\"elementor-element elementor-element-6aa56e5 elementor-mobile-align-center elementor-widget__width-inherit elementor-widget elementor-widget-button\" data-id=\"6aa56e5\" data-element_type=\"widget\" data-widget_type=\"button.default\">\n\t\t\t\t<div class=\"elementor-widget-container\">\n\t\t\t\t\t<div class=\"elementor-button-wrapper\">\n\t\t\t<a href=\"https:\/\/api.whatsapp.com\/send?phone=5561996422928&#038;text=Gostaria%20de%20obter%20mais%20informa%C3%A7%C3%B5es%20sobre%20o%20programa%20de%20sa%C3%BAde\" class=\"elementor-button-link elementor-button elementor-size-md elementor-animation-float\" role=\"button\">\n\t\t\t\t\t\t<span class=\"elementor-button-content-wrapper\">\n\t\t\t\t\t\t<span class=\"elementor-button-text\">AGENDE UMA CONSULTA<\/span>\n\t\t<\/span>\n\t\t\t\t\t<\/a>\n\t\t<\/div>\n\t\t\t\t<\/div>\n\t\t\t\t<\/div>\n\t\t\t\t\t<\/div>\n\t\t<\/div>\n\t\t\t\t\t\t\t<\/div>\n\t\t<\/section>\n\t\t\t\t\t<\/div>\n\t\t<\/div>\n\t\t\t\t\t\t\t<\/div>\n\t\t<\/section>\n\t\t\t\t\t\t\t<\/div>\n\t\t","protected":false},"excerpt":{"rendered":"<p>O Hospital Veterin\u00e1rio STAR VET, inaugurado em janeiro de 2020, \u00e9 o mais moderno e equipado de Bras\u00edlia. Com um conceito inovador, lan\u00e7a uma op\u00e7\u00e3o diferenciada e exclusiva em servi\u00e7o hospitalar veterin\u00e1rio onde qualidade e carinho se unem para oferecer o melhor atendimento de todo Distrito Federal. Somos uma grande fam\u00edlia STAR, formada por m\u00e9dicos [&hellip;]<\/p>\n","protected":false},"author":1,"featured_media":0,"parent":0,"menu_order":0,"comment_status":"closed","ping_status":"closed","template":"","meta":{"footnotes":""},"class_list":["post-2300","page","type-page","status-publish","hentry"],"yoast_head":"<!-- This site is optimized with the Yoast SEO plugin v20.13 - https:\/\/yoast.com\/wordpress\/plugins\/seo\/ -->\n<title>Quem Somos - Start Vet<\/title>\n<meta name=\"robots\" content=\"index, follow, max-snippet:-1, max-image-preview:large, max-video-preview:-1\" \/>\n<link rel=\"canonical\" href=\"https:\/\/danielsoaresdesign.com.br\/starvet\/quem-somos\/\" \/>\n<meta property=\"og:locale\" content=\"pt_BR\" \/>\n<meta property=\"og:type\" content=\"article\" \/>\n<meta property=\"og:title\" content=\"Quem Somos - Start Vet\" \/>\n<meta property=\"og:description\" content=\"O Hospital Veterin\u00e1rio STAR VET, inaugurado em janeiro de 2020, \u00e9 o mais moderno e equipado de Bras\u00edlia. Com um conceito inovador, lan\u00e7a uma op\u00e7\u00e3o diferenciada e exclusiva em servi\u00e7o hospitalar veterin\u00e1rio onde qualidade e carinho se unem para oferecer o melhor atendimento de todo Distrito Federal. Somos uma grande fam\u00edlia STAR, formada por m\u00e9dicos [&hellip;]\" \/>\n<meta property=\"og:url\" content=\"https:\/\/danielsoaresdesign.com.br\/starvet\/quem-somos\/\" \/>\n<meta property=\"og:site_name\" content=\"Start Vet\" \/>\n<meta property=\"article:modified_time\" content=\"2023-08-14T20:39:18+00:00\" \/>\n<meta property=\"og:image\" content=\"http:\/\/danielsoaresdesign.com.br\/starvet\/wp-content\/uploads\/2023\/08\/ec604f_b8728014c8864dbc8e93312744f46bc0mv2.webp\" \/>\n<meta name=\"twitter:card\" content=\"summary_large_image\" \/>\n<meta name=\"twitter:label1\" content=\"Est. tempo de leitura\" \/>\n\t<meta name=\"twitter:data1\" content=\"1 minuto\" \/>\n<script type=\"application\/ld+json\" class=\"yoast-schema-graph\">{\"@context\":\"https:\/\/schema.org\",\"@graph\":[{\"@type\":\"WebPage\",\"@id\":\"https:\/\/danielsoaresdesign.com.br\/starvet\/quem-somos\/\",\"url\":\"https:\/\/danielsoaresdesign.com.br\/starvet\/quem-somos\/\",\"name\":\"Quem Somos - Start Vet\",\"isPartOf\":{\"@id\":\"https:\/\/danielsoaresdesign.com.br\/starvet\/#website\"},\"datePublished\":\"2023-07-25T13:44:29+00:00\",\"dateModified\":\"2023-08-14T20:39:18+00:00\",\"breadcrumb\":{\"@id\":\"https:\/\/danielsoaresdesign.com.br\/starvet\/quem-somos\/#breadcrumb\"},\"inLanguage\":\"pt-BR\",\"potentialAction\":[{\"@type\":\"ReadAction\",\"target\":[\"https:\/\/danielsoaresdesign.com.br\/starvet\/quem-somos\/\"]}]},{\"@type\":\"BreadcrumbList\",\"@id\":\"https:\/\/danielsoaresdesign.com.br\/starvet\/quem-somos\/#breadcrumb\",\"itemListElement\":[{\"@type\":\"ListItem\",\"position\":1,\"name\":\"In\u00edcio\",\"item\":\"https:\/\/danielsoaresdesign.com.br\/starvet\/\"},{\"@type\":\"ListItem\",\"position\":2,\"name\":\"Quem Somos\"}]},{\"@type\":\"WebSite\",\"@id\":\"https:\/\/danielsoaresdesign.com.br\/starvet\/#website\",\"url\":\"https:\/\/danielsoaresdesign.com.br\/starvet\/\",\"name\":\"Start Vet\",\"description\":\"Desenvolvimento\",\"publisher\":{\"@id\":\"https:\/\/danielsoaresdesign.com.br\/starvet\/#organization\"},\"potentialAction\":[{\"@type\":\"SearchAction\",\"target\":{\"@type\":\"EntryPoint\",\"urlTemplate\":\"https:\/\/danielsoaresdesign.com.br\/starvet\/?s={search_term_string}\"},\"query-input\":\"required name=search_term_string\"}],\"inLanguage\":\"pt-BR\"},{\"@type\":\"Organization\",\"@id\":\"https:\/\/danielsoaresdesign.com.br\/starvet\/#organization\",\"name\":\"Start Vet\",\"url\":\"https:\/\/danielsoaresdesign.com.br\/starvet\/\",\"logo\":{\"@type\":\"ImageObject\",\"inLanguage\":\"pt-BR\",\"@id\":\"https:\/\/danielsoaresdesign.com.br\/starvet\/#\/schema\/logo\/image\/\",\"url\":\"https:\/\/danielsoaresdesign.com.br\/starvet\/wp-content\/uploads\/2023\/08\/logomarca_starvet.png\",\"contentUrl\":\"https:\/\/danielsoaresdesign.com.br\/starvet\/wp-content\/uploads\/2023\/08\/logomarca_starvet.png\",\"width\":430,\"height\":346,\"caption\":\"Start Vet\"},\"image\":{\"@id\":\"https:\/\/danielsoaresdesign.com.br\/starvet\/#\/schema\/logo\/image\/\"}}]}<\/script>\n<!-- \/ Yoast SEO plugin. -->","yoast_head_json":{"title":"Quem Somos - Start Vet","robots":{"index":"index","follow":"follow","max-snippet":"max-snippet:-1","max-image-preview":"max-image-preview:large","max-video-preview":"max-video-preview:-1"},"canonical":"https:\/\/danielsoaresdesign.com.br\/starvet\/quem-somos\/","og_locale":"pt_BR","og_type":"article","og_title":"Quem Somos - Start Vet","og_description":"O Hospital Veterin\u00e1rio STAR VET, inaugurado em janeiro de 2020, \u00e9 o mais moderno e equipado de Bras\u00edlia. Com um conceito inovador, lan\u00e7a uma op\u00e7\u00e3o diferenciada e exclusiva em servi\u00e7o hospitalar veterin\u00e1rio onde qualidade e carinho se unem para oferecer o melhor atendimento de todo Distrito Federal. Somos uma grande fam\u00edlia STAR, formada por m\u00e9dicos [&hellip;]","og_url":"https:\/\/danielsoaresdesign.com.br\/starvet\/quem-somos\/","og_site_name":"Start Vet","article_modified_time":"2023-08-14T20:39:18+00:00","og_image":[{"url":"http:\/\/danielsoaresdesign.com.br\/starvet\/wp-content\/uploads\/2023\/08\/ec604f_b8728014c8864dbc8e93312744f46bc0mv2.webp"}],"twitter_card":"summary_large_image","twitter_misc":{"Est. tempo de leitura":"1 minuto"},"schema":{"@context":"https:\/\/schema.org","@graph":[{"@type":"WebPage","@id":"https:\/\/danielsoaresdesign.com.br\/starvet\/quem-somos\/","url":"https:\/\/danielsoaresdesign.com.br\/starvet\/quem-somos\/","name":"Quem Somos - Start Vet","isPartOf":{"@id":"https:\/\/danielsoaresdesign.com.br\/starvet\/#website"},"datePublished":"2023-07-25T13:44:29+00:00","dateModified":"2023-08-14T20:39:18+00:00","breadcrumb":{"@id":"https:\/\/danielsoaresdesign.com.br\/starvet\/quem-somos\/#breadcrumb"},"inLanguage":"pt-BR","potentialAction":[{"@type":"ReadAction","target":["https:\/\/danielsoaresdesign.com.br\/starvet\/quem-somos\/"]}]},{"@type":"BreadcrumbList","@id":"https:\/\/danielsoaresdesign.com.br\/starvet\/quem-somos\/#breadcrumb","itemListElement":[{"@type":"ListItem","position":1,"name":"In\u00edcio","item":"https:\/\/danielsoaresdesign.com.br\/starvet\/"},{"@type":"ListItem","position":2,"name":"Quem Somos"}]},{"@type":"WebSite","@id":"https:\/\/danielsoaresdesign.com.br\/starvet\/#website","url":"https:\/\/danielsoaresdesign.com.br\/starvet\/","name":"Start Vet","description":"Desenvolvimento","publisher":{"@id":"https:\/\/danielsoaresdesign.com.br\/starvet\/#organization"},"potentialAction":[{"@type":"SearchAction","target":{"@type":"EntryPoint","urlTemplate":"https:\/\/danielsoaresdesign.com.br\/starvet\/?s={search_term_string}"},"query-input":"required name=search_term_string"}],"inLanguage":"pt-BR"},{"@type":"Organization","@id":"https:\/\/danielsoaresdesign.com.br\/starvet\/#organization","name":"Start Vet","url":"https:\/\/danielsoaresdesign.com.br\/starvet\/","logo":{"@type":"ImageObject","inLanguage":"pt-BR","@id":"https:\/\/danielsoaresdesign.com.br\/starvet\/#\/schema\/logo\/image\/","url":"https:\/\/danielsoaresdesign.com.br\/starvet\/wp-content\/uploads\/2023\/08\/logomarca_starvet.png","contentUrl":"https:\/\/danielsoaresdesign.com.br\/starvet\/wp-content\/uploads\/2023\/08\/logomarca_starvet.png","width":430,"height":346,"caption":"Start Vet"},"image":{"@id":"https:\/\/danielsoaresdesign.com.br\/starvet\/#\/schema\/logo\/image\/"}}]}},"_links":{"self":[{"href":"https:\/\/danielsoaresdesign.com.br\/starvet\/wp-json\/wp\/v2\/pages\/2300","targetHints":{"allow":["GET"]}}],"collection":[{"href":"https:\/\/danielsoaresdesign.com.br\/starvet\/wp-json\/wp\/v2\/pages"}],"about":[{"href":"https:\/\/danielsoaresdesign.com.br\/starvet\/wp-json\/wp\/v2\/types\/page"}],"author":[{"embeddable":true,"href":"https:\/\/danielsoaresdesign.com.br\/starvet\/wp-json\/wp\/v2\/users\/1"}],"replies":[{"embeddable":true,"href":"https:\/\/danielsoaresdesign.com.br\/starvet\/wp-json\/wp\/v2\/comments?post=2300"}],"version-history":[{"count":44,"href":"https:\/\/danielsoaresdesign.com.br\/starvet\/wp-json\/wp\/v2\/pages\/2300\/revisions"}],"predecessor-version":[{"id":2842,"href":"https:\/\/danielsoaresdesign.com.br\/starvet\/wp-json\/wp\/v2\/pages\/2300\/revisions\/2842"}],"wp:attachment":[{"href":"https:\/\/danielsoaresdesign.com.br\/starvet\/wp-json\/wp\/v2\/media?parent=2300"}],"curies":[{"name":"wp","href":"https:\/\/api.w.org\/{rel}","templated":true}]}}