{"id":472,"date":"2021-12-13T14:46:37","date_gmt":"2021-12-13T17:46:37","guid":{"rendered":"https:\/\/danielsoaresdesign.com.br\/starvet\/?page_id=472"},"modified":"2023-08-14T17:41:19","modified_gmt":"2023-08-14T20:41:19","slug":"contato","status":"publish","type":"page","link":"https:\/\/danielsoaresdesign.com.br\/starvet\/contato\/","title":{"rendered":"Contato"},"content":{"rendered":"\t\t<div data-elementor-type=\"wp-page\" data-elementor-id=\"472\" class=\"elementor elementor-472\">\n\t\t\t\t\t\t\t\t\t<section class=\"elementor-section elementor-top-section elementor-element elementor-element-ca09b06 elementor-section-boxed elementor-section-height-default elementor-section-height-default\" data-id=\"ca09b06\" data-element_type=\"section\" data-settings=\"{&quot;jet_parallax_layout_list&quot;:[],&quot;background_background&quot;:&quot;classic&quot;}\">\n\t\t\t\t\t\t\t<div class=\"elementor-background-overlay\"><\/div>\n\t\t\t\t\t\t\t<div class=\"elementor-container elementor-column-gap-no\">\n\t\t\t\t\t<div class=\"elementor-column elementor-col-100 elementor-top-column elementor-element elementor-element-245a759\" data-id=\"245a759\" data-element_type=\"column\">\n\t\t\t<div class=\"elementor-widget-wrap elementor-element-populated\">\n\t\t\t\t\t\t\t\t\t<\/div>\n\t\t<\/div>\n\t\t\t\t\t\t\t<\/div>\n\t\t<\/section>\n\t\t\t\t<section class=\"elementor-section elementor-top-section elementor-element elementor-element-6a53959c elementor-section-boxed elementor-section-height-default elementor-section-height-default\" data-id=\"6a53959c\" data-element_type=\"section\" data-settings=\"{&quot;jet_parallax_layout_list&quot;:[]}\">\n\t\t\t\t\t\t<div class=\"elementor-container elementor-column-gap-no\">\n\t\t\t\t\t<div class=\"elementor-column elementor-col-50 elementor-top-column elementor-element elementor-element-319a8c6c\" data-id=\"319a8c6c\" data-element_type=\"column\">\n\t\t\t<div class=\"elementor-widget-wrap elementor-element-populated\">\n\t\t\t\t\t\t\t\t<div class=\"elementor-element elementor-element-15ecff47 elementor-widget elementor-widget-heading\" data-id=\"15ecff47\" data-element_type=\"widget\" data-widget_type=\"heading.default\">\n\t\t\t\t<div class=\"elementor-widget-container\">\n\t\t\t<h2 class=\"elementor-heading-title elementor-size-default\">Fale Conosco<\/h2>\t\t<\/div>\n\t\t\t\t<\/div>\n\t\t\t\t<div class=\"elementor-element elementor-element-7a63739 elementor-widget elementor-widget-text-editor\" data-id=\"7a63739\" data-element_type=\"widget\" data-widget_type=\"text-editor.default\">\n\t\t\t\t<div class=\"elementor-widget-container\">\n\t\t\t\t\t\t\t<p>Preencha o formul\u00e1rio e em breve responderemos sua mensagem. Se preferir entre em contato por e-mail, telefone ou WhatsApp.<\/p>\t\t\t\t\t\t<\/div>\n\t\t\t\t<\/div>\n\t\t\t\t<div class=\"elementor-element elementor-element-019bf39 elementor-mobile-align-center elementor-icon-list--layout-traditional elementor-list-item-link-full_width elementor-widget elementor-widget-icon-list\" data-id=\"019bf39\" data-element_type=\"widget\" data-widget_type=\"icon-list.default\">\n\t\t\t\t<div class=\"elementor-widget-container\">\n\t\t\t\t\t<ul class=\"elementor-icon-list-items\">\n\t\t\t\t\t\t\t<li class=\"elementor-icon-list-item\">\n\t\t\t\t\t\t\t\t\t\t<span class=\"elementor-icon-list-text\">Avenida Pau Brasil, 11 (esquina com Rua Boulevard Sul) <br>Ed. Via Azal\u00e9as (piso t\u00e9rreo) - \u00c1guas Claras - Bras\u00edlia\/DF<\/span>\n\t\t\t\t\t\t\t\t\t<\/li>\n\t\t\t\t\t\t\t\t<li class=\"elementor-icon-list-item\">\n\t\t\t\t\t\t\t\t\t\t\t<a href=\"mailto:contato@hospitalstarvet.com.br\">\n\n\t\t\t\t\t\t\t\t\t\t\t<span class=\"elementor-icon-list-text\">contato@hospitalstarvet.com.br<\/span>\n\t\t\t\t\t\t\t\t\t\t\t<\/a>\n\t\t\t\t\t\t\t\t\t<\/li>\n\t\t\t\t\t\t\t\t<li class=\"elementor-icon-list-item\">\n\t\t\t\t\t\t\t\t\t\t\t<a href=\"https:\/\/api.whatsapp.com\/send?phone=556139642996\">\n\n\t\t\t\t\t\t\t\t\t\t\t<span class=\"elementor-icon-list-text\">+55 (61) 3964 2996<\/span>\n\t\t\t\t\t\t\t\t\t\t\t<\/a>\n\t\t\t\t\t\t\t\t\t<\/li>\n\t\t\t\t\t\t<\/ul>\n\t\t\t\t<\/div>\n\t\t\t\t<\/div>\n\t\t\t\t<div class=\"elementor-element elementor-element-a996430 elementor-shape-circle e-grid-align-mobile-center elementor-grid-0 elementor-widget elementor-widget-social-icons\" data-id=\"a996430\" data-element_type=\"widget\" data-widget_type=\"social-icons.default\">\n\t\t\t\t<div class=\"elementor-widget-container\">\n\t\t\t\t\t<div class=\"elementor-social-icons-wrapper elementor-grid\">\n\t\t\t\t\t\t\t<span class=\"elementor-grid-item\">\n\t\t\t\t\t<a class=\"elementor-icon elementor-social-icon elementor-social-icon-instagram elementor-repeater-item-fbf65ec\" href=\"https:\/\/www.instagram.com\/hospitalstarvet\/\" target=\"_blank\">\n\t\t\t\t\t\t<span class=\"elementor-screen-only\">Instagram<\/span>\n\t\t\t\t\t\t<i class=\"fab fa-instagram\"><\/i>\t\t\t\t\t<\/a>\n\t\t\t\t<\/span>\n\t\t\t\t\t\t\t<span class=\"elementor-grid-item\">\n\t\t\t\t\t<a class=\"elementor-icon elementor-social-icon elementor-social-icon-facebook-f elementor-repeater-item-e8e7854\" href=\"https:\/\/www.facebook.com\/star.vethospital\" target=\"_blank\">\n\t\t\t\t\t\t<span class=\"elementor-screen-only\">Facebook-f<\/span>\n\t\t\t\t\t\t<i class=\"fab fa-facebook-f\"><\/i>\t\t\t\t\t<\/a>\n\t\t\t\t<\/span>\n\t\t\t\t\t<\/div>\n\t\t\t\t<\/div>\n\t\t\t\t<\/div>\n\t\t\t\t\t<\/div>\n\t\t<\/div>\n\t\t\t\t<div class=\"elementor-column elementor-col-50 elementor-top-column elementor-element elementor-element-1c114925\" data-id=\"1c114925\" data-element_type=\"column\">\n\t\t\t<div class=\"elementor-widget-wrap elementor-element-populated\">\n\t\t\t\t\t\t\t\t<section class=\"elementor-section elementor-inner-section elementor-element elementor-element-79c6672b elementor-section-boxed elementor-section-height-default elementor-section-height-default\" data-id=\"79c6672b\" data-element_type=\"section\" data-settings=\"{&quot;jet_parallax_layout_list&quot;:[]}\">\n\t\t\t\t\t\t<div class=\"elementor-container elementor-column-gap-default\">\n\t\t\t\t\t<div class=\"elementor-column elementor-col-100 elementor-inner-column elementor-element elementor-element-77f9dee3\" data-id=\"77f9dee3\" data-element_type=\"column\">\n\t\t\t<div class=\"elementor-widget-wrap elementor-element-populated\">\n\t\t\t\t\t\t\t\t<div class=\"elementor-element elementor-element-1fcf89c4 elementor-button-align-stretch elementor-widget elementor-widget-form\" data-id=\"1fcf89c4\" data-element_type=\"widget\" data-settings=\"{&quot;step_next_label&quot;:&quot;Next&quot;,&quot;step_previous_label&quot;:&quot;Previous&quot;,&quot;button_width&quot;:&quot;100&quot;,&quot;step_type&quot;:&quot;number_text&quot;,&quot;step_icon_shape&quot;:&quot;circle&quot;}\" data-widget_type=\"form.default\">\n\t\t\t\t<div class=\"elementor-widget-container\">\n\t\t\t\t\t<form class=\"elementor-form\" method=\"post\" name=\"New Form\">\n\t\t\t<input type=\"hidden\" name=\"post_id\" value=\"472\"\/>\n\t\t\t<input type=\"hidden\" name=\"form_id\" value=\"1fcf89c4\"\/>\n\t\t\t<input type=\"hidden\" name=\"referer_title\" value=\"Start Vet\" \/>\n\n\t\t\t\n\t\t\t<div class=\"elementor-form-fields-wrapper elementor-labels-\">\n\t\t\t\t\t\t\t\t<div class=\"elementor-field-type-text elementor-field-group elementor-column elementor-field-group-nome elementor-col-100 elementor-field-required\">\n\t\t\t\t\t\t\t\t\t\t\t\t<label for=\"form-field-nome\" class=\"elementor-field-label elementor-screen-only\">\n\t\t\t\t\t\t\t\tNome\t\t\t\t\t\t\t<\/label>\n\t\t\t\t\t\t\t\t\t\t\t\t\t\t<input size=\"1\" type=\"text\" name=\"form_fields[nome]\" id=\"form-field-nome\" class=\"elementor-field elementor-size-sm  elementor-field-textual\" placeholder=\"Nome\" required=\"required\" aria-required=\"true\">\n\t\t\t\t\t\t\t\t\t\t\t<\/div>\n\t\t\t\t\t\t\t\t<div class=\"elementor-field-type-email elementor-field-group elementor-column elementor-field-group-email elementor-col-100\">\n\t\t\t\t\t\t\t\t\t\t\t\t<label for=\"form-field-email\" class=\"elementor-field-label elementor-screen-only\">\n\t\t\t\t\t\t\t\tE-mail\t\t\t\t\t\t\t<\/label>\n\t\t\t\t\t\t\t\t\t\t\t\t\t\t<input size=\"1\" type=\"email\" name=\"form_fields[email]\" id=\"form-field-email\" class=\"elementor-field elementor-size-sm  elementor-field-textual\" placeholder=\"E-mail\">\n\t\t\t\t\t\t\t\t\t\t\t<\/div>\n\t\t\t\t\t\t\t\t<div class=\"elementor-field-type-maskphone_with_ddd elementor-field-group elementor-column elementor-field-group-telefone elementor-col-100 elementor-field-required\">\n\t\t\t\t\t\t\t\t\t\t\t\t<label for=\"form-field-telefone\" class=\"elementor-field-label elementor-screen-only\">\n\t\t\t\t\t\t\t\tTelefone\t\t\t\t\t\t\t<\/label>\n\t\t\t\t\t\t<input size=\"1\" type=\"tel\" name=\"form_fields[telefone]\" id=\"form-field-telefone\" class=\"elementor-field elementor-size-sm  elementor-field-textual phone_with_ddd\" required=\"required\" aria-required=\"true\" placeholder=\"Telefone\">\t\t\t\t<\/div>\n\t\t\t\t\t\t\t\t<div class=\"elementor-field-type-textarea elementor-field-group elementor-column elementor-field-group-mensagem elementor-col-100 elementor-field-required\">\n\t\t\t\t\t\t\t\t\t\t\t\t<label for=\"form-field-mensagem\" class=\"elementor-field-label elementor-screen-only\">\n\t\t\t\t\t\t\t\tMensagem\t\t\t\t\t\t\t<\/label>\n\t\t\t\t\t\t<textarea class=\"elementor-field-textual elementor-field  elementor-size-sm\" name=\"form_fields[mensagem]\" id=\"form-field-mensagem\" rows=\"6\" placeholder=\"Mensagem\" required=\"required\" aria-required=\"true\"><\/textarea>\t\t\t\t<\/div>\n\t\t\t\t\t\t\t\t<div class=\"elementor-field-type-recaptcha_v3 elementor-field-group elementor-column elementor-field-group-field_65aa935 elementor-col-100 recaptcha_v3-bottomright\">\n\t\t\t\t\t<div class=\"elementor-field\" id=\"form-field-field_65aa935\"><div class=\"elementor-g-recaptcha\" data-sitekey=\"6LcZwYInAAAAADzGknXcqeGTp5CMWDMR1VQP-M9Y\" data-type=\"v3\" data-action=\"Form\" data-badge=\"bottomright\" data-size=\"invisible\"><\/div><\/div>\t\t\t\t<\/div>\n\t\t\t\t\t\t\t\t<div class=\"elementor-field-group elementor-column elementor-field-type-submit elementor-col-100 e-form__buttons\">\n\t\t\t\t\t<button type=\"submit\" class=\"elementor-button elementor-size-sm elementor-animation-float\">\n\t\t\t\t\t\t<span >\n\t\t\t\t\t\t\t\t\t\t\t\t\t\t\t<span class=\" elementor-button-icon\">\n\t\t\t\t\t\t\t\t\t\t\t\t\t\t\t\t\t\t\t\t\t\t\t\t\t\t<\/span>\n\t\t\t\t\t\t\t\t\t\t\t\t\t\t\t\t\t\t\t\t\t\t<span class=\"elementor-button-text\">ENVIAR CONTATO<\/span>\n\t\t\t\t\t\t\t\t\t\t\t\t\t<\/span>\n\t\t\t\t\t<\/button>\n\t\t\t\t<\/div>\n\t\t\t<\/div>\n\t\t<\/form>\n\t\t\t\t<\/div>\n\t\t\t\t<\/div>\n\t\t\t\t\t<\/div>\n\t\t<\/div>\n\t\t\t\t\t\t\t<\/div>\n\t\t<\/section>\n\t\t\t\t<div class=\"elementor-element elementor-element-52c31b1 elementor-widget elementor-widget-html\" data-id=\"52c31b1\" data-element_type=\"widget\" data-widget_type=\"html.default\">\n\t\t\t\t<div class=\"elementor-widget-container\">\n\t\t\t<div style=\"text-align:right;\">\r\n<small style=\"color:#666;\">Protegido por reCAPTCHA &nbsp;|&nbsp;\r\n    <a style=\"color:#666\" href=\"https:\/\/policies.google.com\/privacy\">Pol\u00edtica<\/a> &nbsp;|&nbsp;\r\n    <a style=\"color:#666\" href=\"https:\/\/policies.google.com\/terms\">Termos<\/a>\r\n<\/small>\r\n<\/div>\t\t<\/div>\n\t\t\t\t<\/div>\n\t\t\t\t\t<\/div>\n\t\t<\/div>\n\t\t\t\t\t\t\t<\/div>\n\t\t<\/section>\n\t\t\t\t<section class=\"elementor-section elementor-top-section elementor-element elementor-element-2c3e304 elementor-section-full_width elementor-section-height-default elementor-section-height-default\" data-id=\"2c3e304\" data-element_type=\"section\" data-settings=\"{&quot;jet_parallax_layout_list&quot;:[]}\">\n\t\t\t\t\t\t<div class=\"elementor-container elementor-column-gap-no\">\n\t\t\t\t\t<div class=\"elementor-column elementor-col-100 elementor-top-column elementor-element elementor-element-875b7a5\" data-id=\"875b7a5\" data-element_type=\"column\">\n\t\t\t<div class=\"elementor-widget-wrap elementor-element-populated\">\n\t\t\t\t\t\t\t\t<div class=\"elementor-element elementor-element-042ca8c elementor-widget elementor-widget-google_maps\" data-id=\"042ca8c\" data-element_type=\"widget\" data-widget_type=\"google_maps.default\">\n\t\t\t\t<div class=\"elementor-widget-container\">\n\t\t\t\t\t<div class=\"elementor-custom-embed\">\n\t\t\t<iframe loading=\"lazy\"\n\t\t\t\t\tsrc=\"https:\/\/maps.google.com\/maps?q=Hospital%20Veterin%C3%A1rio%20StarVet&#038;t=m&#038;z=16&#038;output=embed&#038;iwloc=near\"\n\t\t\t\t\ttitle=\"Hospital Veterin\u00e1rio StarVet\"\n\t\t\t\t\taria-label=\"Hospital Veterin\u00e1rio StarVet\"\n\t\t\t><\/iframe>\n\t\t<\/div>\n\t\t\t\t<\/div>\n\t\t\t\t<\/div>\n\t\t\t\t\t<\/div>\n\t\t<\/div>\n\t\t\t\t\t\t\t<\/div>\n\t\t<\/section>\n\t\t\t\t\t\t\t<\/div>\n\t\t","protected":false},"excerpt":{"rendered":"<p>Fale Conosco Preencha o formul\u00e1rio e em breve responderemos sua mensagem. Se preferir entre em contato por e-mail, telefone ou WhatsApp. Avenida Pau Brasil, 11 (esquina com Rua Boulevard Sul) Ed. Via Azal\u00e9as (piso t\u00e9rreo) &#8211; \u00c1guas Claras &#8211; Bras\u00edlia\/DF contato@hospitalstarvet.com.br +55 (61) 3964 2996 Instagram Facebook-f Protegido por reCAPTCHA &nbsp;|&nbsp; Pol\u00edtica &nbsp;|&nbsp; Termos<\/p>\n","protected":false},"author":1,"featured_media":0,"parent":0,"menu_order":0,"comment_status":"closed","ping_status":"closed","template":"","meta":{"footnotes":""},"class_list":["post-472","page","type-page","status-publish","hentry"],"yoast_head":"<!-- This site is optimized with the Yoast SEO plugin v20.13 - https:\/\/yoast.com\/wordpress\/plugins\/seo\/ -->\n<title>Contato - Start Vet<\/title>\n<meta name=\"robots\" content=\"index, follow, max-snippet:-1, max-image-preview:large, max-video-preview:-1\" \/>\n<link rel=\"canonical\" href=\"https:\/\/danielsoaresdesign.com.br\/starvet\/contato\/\" \/>\n<meta property=\"og:locale\" content=\"pt_BR\" \/>\n<meta property=\"og:type\" content=\"article\" \/>\n<meta property=\"og:title\" content=\"Contato - Start Vet\" \/>\n<meta property=\"og:description\" content=\"Fale Conosco Preencha o formul\u00e1rio e em breve responderemos sua mensagem. Se preferir entre em contato por e-mail, telefone ou WhatsApp. Avenida Pau Brasil, 11 (esquina com Rua Boulevard Sul) Ed. Via Azal\u00e9as (piso t\u00e9rreo) &#8211; \u00c1guas Claras &#8211; Bras\u00edlia\/DF contato@hospitalstarvet.com.br +55 (61) 3964 2996 Instagram Facebook-f Protegido por reCAPTCHA &nbsp;|&nbsp; Pol\u00edtica &nbsp;|&nbsp; Termos\" \/>\n<meta property=\"og:url\" content=\"https:\/\/danielsoaresdesign.com.br\/starvet\/contato\/\" \/>\n<meta property=\"og:site_name\" content=\"Start Vet\" \/>\n<meta property=\"article:modified_time\" content=\"2023-08-14T20:41:19+00:00\" \/>\n<meta name=\"twitter:card\" content=\"summary_large_image\" \/>\n<meta name=\"twitter:label1\" content=\"Est. tempo de leitura\" \/>\n\t<meta name=\"twitter:data1\" content=\"1 minuto\" \/>\n<script type=\"application\/ld+json\" class=\"yoast-schema-graph\">{\"@context\":\"https:\/\/schema.org\",\"@graph\":[{\"@type\":\"WebPage\",\"@id\":\"https:\/\/danielsoaresdesign.com.br\/starvet\/contato\/\",\"url\":\"https:\/\/danielsoaresdesign.com.br\/starvet\/contato\/\",\"name\":\"Contato - Start Vet\",\"isPartOf\":{\"@id\":\"https:\/\/danielsoaresdesign.com.br\/starvet\/#website\"},\"datePublished\":\"2021-12-13T17:46:37+00:00\",\"dateModified\":\"2023-08-14T20:41:19+00:00\",\"breadcrumb\":{\"@id\":\"https:\/\/danielsoaresdesign.com.br\/starvet\/contato\/#breadcrumb\"},\"inLanguage\":\"pt-BR\",\"potentialAction\":[{\"@type\":\"ReadAction\",\"target\":[\"https:\/\/danielsoaresdesign.com.br\/starvet\/contato\/\"]}]},{\"@type\":\"BreadcrumbList\",\"@id\":\"https:\/\/danielsoaresdesign.com.br\/starvet\/contato\/#breadcrumb\",\"itemListElement\":[{\"@type\":\"ListItem\",\"position\":1,\"name\":\"In\u00edcio\",\"item\":\"https:\/\/danielsoaresdesign.com.br\/starvet\/\"},{\"@type\":\"ListItem\",\"position\":2,\"name\":\"Contato\"}]},{\"@type\":\"WebSite\",\"@id\":\"https:\/\/danielsoaresdesign.com.br\/starvet\/#website\",\"url\":\"https:\/\/danielsoaresdesign.com.br\/starvet\/\",\"name\":\"Start Vet\",\"description\":\"Desenvolvimento\",\"publisher\":{\"@id\":\"https:\/\/danielsoaresdesign.com.br\/starvet\/#organization\"},\"potentialAction\":[{\"@type\":\"SearchAction\",\"target\":{\"@type\":\"EntryPoint\",\"urlTemplate\":\"https:\/\/danielsoaresdesign.com.br\/starvet\/?s={search_term_string}\"},\"query-input\":\"required name=search_term_string\"}],\"inLanguage\":\"pt-BR\"},{\"@type\":\"Organization\",\"@id\":\"https:\/\/danielsoaresdesign.com.br\/starvet\/#organization\",\"name\":\"Start Vet\",\"url\":\"https:\/\/danielsoaresdesign.com.br\/starvet\/\",\"logo\":{\"@type\":\"ImageObject\",\"inLanguage\":\"pt-BR\",\"@id\":\"https:\/\/danielsoaresdesign.com.br\/starvet\/#\/schema\/logo\/image\/\",\"url\":\"https:\/\/danielsoaresdesign.com.br\/starvet\/wp-content\/uploads\/2023\/08\/logomarca_starvet.png\",\"contentUrl\":\"https:\/\/danielsoaresdesign.com.br\/starvet\/wp-content\/uploads\/2023\/08\/logomarca_starvet.png\",\"width\":430,\"height\":346,\"caption\":\"Start Vet\"},\"image\":{\"@id\":\"https:\/\/danielsoaresdesign.com.br\/starvet\/#\/schema\/logo\/image\/\"}}]}<\/script>\n<!-- \/ Yoast SEO plugin. -->","yoast_head_json":{"title":"Contato - Start Vet","robots":{"index":"index","follow":"follow","max-snippet":"max-snippet:-1","max-image-preview":"max-image-preview:large","max-video-preview":"max-video-preview:-1"},"canonical":"https:\/\/danielsoaresdesign.com.br\/starvet\/contato\/","og_locale":"pt_BR","og_type":"article","og_title":"Contato - Start Vet","og_description":"Fale Conosco Preencha o formul\u00e1rio e em breve responderemos sua mensagem. Se preferir entre em contato por e-mail, telefone ou WhatsApp. Avenida Pau Brasil, 11 (esquina com Rua Boulevard Sul) Ed. Via Azal\u00e9as (piso t\u00e9rreo) &#8211; \u00c1guas Claras &#8211; Bras\u00edlia\/DF contato@hospitalstarvet.com.br +55 (61) 3964 2996 Instagram Facebook-f Protegido por reCAPTCHA &nbsp;|&nbsp; Pol\u00edtica &nbsp;|&nbsp; Termos","og_url":"https:\/\/danielsoaresdesign.com.br\/starvet\/contato\/","og_site_name":"Start Vet","article_modified_time":"2023-08-14T20:41:19+00:00","twitter_card":"summary_large_image","twitter_misc":{"Est. tempo de leitura":"1 minuto"},"schema":{"@context":"https:\/\/schema.org","@graph":[{"@type":"WebPage","@id":"https:\/\/danielsoaresdesign.com.br\/starvet\/contato\/","url":"https:\/\/danielsoaresdesign.com.br\/starvet\/contato\/","name":"Contato - Start Vet","isPartOf":{"@id":"https:\/\/danielsoaresdesign.com.br\/starvet\/#website"},"datePublished":"2021-12-13T17:46:37+00:00","dateModified":"2023-08-14T20:41:19+00:00","breadcrumb":{"@id":"https:\/\/danielsoaresdesign.com.br\/starvet\/contato\/#breadcrumb"},"inLanguage":"pt-BR","potentialAction":[{"@type":"ReadAction","target":["https:\/\/danielsoaresdesign.com.br\/starvet\/contato\/"]}]},{"@type":"BreadcrumbList","@id":"https:\/\/danielsoaresdesign.com.br\/starvet\/contato\/#breadcrumb","itemListElement":[{"@type":"ListItem","position":1,"name":"In\u00edcio","item":"https:\/\/danielsoaresdesign.com.br\/starvet\/"},{"@type":"ListItem","position":2,"name":"Contato"}]},{"@type":"WebSite","@id":"https:\/\/danielsoaresdesign.com.br\/starvet\/#website","url":"https:\/\/danielsoaresdesign.com.br\/starvet\/","name":"Start Vet","description":"Desenvolvimento","publisher":{"@id":"https:\/\/danielsoaresdesign.com.br\/starvet\/#organization"},"potentialAction":[{"@type":"SearchAction","target":{"@type":"EntryPoint","urlTemplate":"https:\/\/danielsoaresdesign.com.br\/starvet\/?s={search_term_string}"},"query-input":"required name=search_term_string"}],"inLanguage":"pt-BR"},{"@type":"Organization","@id":"https:\/\/danielsoaresdesign.com.br\/starvet\/#organization","name":"Start Vet","url":"https:\/\/danielsoaresdesign.com.br\/starvet\/","logo":{"@type":"ImageObject","inLanguage":"pt-BR","@id":"https:\/\/danielsoaresdesign.com.br\/starvet\/#\/schema\/logo\/image\/","url":"https:\/\/danielsoaresdesign.com.br\/starvet\/wp-content\/uploads\/2023\/08\/logomarca_starvet.png","contentUrl":"https:\/\/danielsoaresdesign.com.br\/starvet\/wp-content\/uploads\/2023\/08\/logomarca_starvet.png","width":430,"height":346,"caption":"Start Vet"},"image":{"@id":"https:\/\/danielsoaresdesign.com.br\/starvet\/#\/schema\/logo\/image\/"}}]}},"_links":{"self":[{"href":"https:\/\/danielsoaresdesign.com.br\/starvet\/wp-json\/wp\/v2\/pages\/472","targetHints":{"allow":["GET"]}}],"collection":[{"href":"https:\/\/danielsoaresdesign.com.br\/starvet\/wp-json\/wp\/v2\/pages"}],"about":[{"href":"https:\/\/danielsoaresdesign.com.br\/starvet\/wp-json\/wp\/v2\/types\/page"}],"author":[{"embeddable":true,"href":"https:\/\/danielsoaresdesign.com.br\/starvet\/wp-json\/wp\/v2\/users\/1"}],"replies":[{"embeddable":true,"href":"https:\/\/danielsoaresdesign.com.br\/starvet\/wp-json\/wp\/v2\/comments?post=472"}],"version-history":[{"count":152,"href":"https:\/\/danielsoaresdesign.com.br\/starvet\/wp-json\/wp\/v2\/pages\/472\/revisions"}],"predecessor-version":[{"id":2851,"href":"https:\/\/danielsoaresdesign.com.br\/starvet\/wp-json\/wp\/v2\/pages\/472\/revisions\/2851"}],"wp:attachment":[{"href":"https:\/\/danielsoaresdesign.com.br\/starvet\/wp-json\/wp\/v2\/media?parent=472"}],"curies":[{"name":"wp","href":"https:\/\/api.w.org\/{rel}","templated":true}]}}